{"id":517,"date":"2022-03-22T11:31:08","date_gmt":"2022-03-22T11:31:08","guid":{"rendered":"https:\/\/rx4-test.com\/proyectos\/dressler\/?page_id=517"},"modified":"2025-04-08T11:11:53","modified_gmt":"2025-04-08T11:11:53","slug":"aviso-legal","status":"publish","type":"page","link":"https:\/\/bauenmallorca.com\/es\/aviso-legal\/","title":{"rendered":"Aviso legal"},"content":{"rendered":"\t\t<div data-elementor-type=\"wp-page\" data-elementor-id=\"517\" class=\"elementor elementor-517\" data-elementor-post-type=\"page\">\n\t\t\t\t\t\t<section class=\"elementor-section elementor-top-section elementor-element elementor-element-7df5308 elementor-section-boxed elementor-section-height-default elementor-section-height-default\" data-id=\"7df5308\" data-element_type=\"section\">\n\t\t\t\t\t\t<div class=\"elementor-container elementor-column-gap-default\">\n\t\t\t\t\t<div class=\"elementor-column elementor-col-100 elementor-top-column elementor-element elementor-element-14c67a2\" data-id=\"14c67a2\" data-element_type=\"column\">\n\t\t\t<div class=\"elementor-widget-wrap elementor-element-populated\">\n\t\t\t\t\t\t<div class=\"elementor-element elementor-element-cc4d294 elementor-widget elementor-widget-heading\" data-id=\"cc4d294\" data-element_type=\"widget\" data-widget_type=\"heading.default\">\n\t\t\t\t<div class=\"elementor-widget-container\">\n\t\t\t\t\t<h1 class=\"elementor-heading-title elementor-size-default\">Aviso legal<\/h1>\t\t\t\t<\/div>\n\t\t\t\t<\/div>\n\t\t\t\t<div class=\"elementor-element elementor-element-b70846d elementor-widget elementor-widget-spacer\" data-id=\"b70846d\" data-element_type=\"widget\" data-widget_type=\"spacer.default\">\n\t\t\t\t<div class=\"elementor-widget-container\">\n\t\t\t\t\t\t\t<div class=\"elementor-spacer\">\n\t\t\t<div class=\"elementor-spacer-inner\"><\/div>\n\t\t<\/div>\n\t\t\t\t\t\t<\/div>\n\t\t\t\t<\/div>\n\t\t\t\t<div class=\"elementor-element elementor-element-1165f2d elementor-widget-divider--view-line elementor-widget elementor-widget-divider\" data-id=\"1165f2d\" data-element_type=\"widget\" data-widget_type=\"divider.default\">\n\t\t\t\t<div class=\"elementor-widget-container\">\n\t\t\t\t\t\t\t<div class=\"elementor-divider\">\n\t\t\t<span class=\"elementor-divider-separator\">\n\t\t\t\t\t\t<\/span>\n\t\t<\/div>\n\t\t\t\t\t\t<\/div>\n\t\t\t\t<\/div>\n\t\t\t\t<div class=\"elementor-element elementor-element-ace54e1 elementor-widget elementor-widget-spacer\" data-id=\"ace54e1\" data-element_type=\"widget\" data-widget_type=\"spacer.default\">\n\t\t\t\t<div class=\"elementor-widget-container\">\n\t\t\t\t\t\t\t<div class=\"elementor-spacer\">\n\t\t\t<div class=\"elementor-spacer-inner\"><\/div>\n\t\t<\/div>\n\t\t\t\t\t\t<\/div>\n\t\t\t\t<\/div>\n\t\t\t\t<div class=\"elementor-element elementor-element-fbc1488 elementor-widget elementor-widget-text-editor\" data-id=\"fbc1488\" data-element_type=\"widget\" data-widget_type=\"text-editor.default\">\n\t\t\t\t<div class=\"elementor-widget-container\">\n\t\t\t\t\t\t\t\t\t<h3 class=\"normalt\" data-fontsize=\"23\" data-lineheight=\"29\" data-inline-fontsize=\"true\" data-inline-lineheight=\"true\">Informaci\u00f3n legal<\/h3>\n<p>Dressler &amp; Partner S.L.<\/p>\n<p>CIF: B56371032<br>C\/ Can Gamundi 11, 1\/15, 07199 Palma, Espa\u00f1a<\/p>\n<p>Representado por: Wolfgang Dressler<\/p>\n<h3>&nbsp;<\/h3>\n<h3>Contacto<\/h3>\n<p>Tel\u00e9fono: (+34) 871 186 500<\/p>\n<p>E-Mail: info(at)dresslerundpartner.com<\/p>\n<h3 data-fontsize=\"23\" data-lineheight=\"29\" data-inline-fontsize=\"true\" data-inline-lineheight=\"true\">&nbsp;<\/h3>\n<h3 class=\"normalt\" data-fontsize=\"23\" data-lineheight=\"29\" data-inline-fontsize=\"true\" data-inline-lineheight=\"true\">ID de IVA<\/h3>\n<p>N\u00famero de identificaci\u00f3n del IVA:<br>ESB 563 710 32<\/p>\n<p><\/p>\n<h2 data-fontsize=\"23\" data-lineheight=\"29\" data-inline-fontsize=\"true\" data-inline-lineheight=\"true\">&nbsp;<\/h2>\n<h2 class=\"normalt\" data-fontsize=\"23\" data-lineheight=\"29\" data-inline-fontsize=\"true\" data-inline-lineheight=\"true\">Responsable del contenido de acuerdo con RGPD<\/h2>\n<p><span style=\"font-family:Montserrat\">Michael Ludes<\/span><br>Dressler &amp; Partner S.L.<br>C\/ Can Gamundi 11, 1\/15 &#8211; 07199 Palma, 07199 Palma \/ Illes Baleares, Espa\u00f1a<\/p>\n<h3 data-fontsize=\"23\" data-lineheight=\"29\" data-inline-fontsize=\"true\" data-inline-lineheight=\"true\">&nbsp;<\/h3>\n<h3 class=\"normalt\" data-fontsize=\"23\" data-lineheight=\"29\" data-inline-fontsize=\"true\" data-inline-lineheight=\"true\">Soluci\u00f3n de controversias<\/h3>\n<p>La Comisi\u00f3n Europea proporciona una plataforma para la resoluci\u00f3n de disputas (OS) en l\u00ednea:&nbsp;<a href=\"https:\/\/ec.europa.eu\/consumers\/odr\" target=\"_blank\" rel=\"noopener noreferrer\">https:\/\/ec.europa.eu\/consumers\/odr<\/a>.<br>Puede encontrar nuestra direcci\u00f3n de correo electr\u00f3nico en la impresi\u00f3n anterior.<\/p>\n<p>No estamos dispuestos u obligados a participar en los procedimientos de resoluci\u00f3n de disputas ante una junta de arbitraje de consumidores.<\/p>\n<h3 data-fontsize=\"23\" data-lineheight=\"29\" data-inline-fontsize=\"true\" data-inline-lineheight=\"true\">&nbsp;<\/h3>\n<h3 class=\"normalt\" data-fontsize=\"23\" data-lineheight=\"29\" data-inline-fontsize=\"true\" data-inline-lineheight=\"true\">Responsabilidad por el contenido<\/h3>\n<p>Como proveedor de servicios somos responsable del contenido propio en estas p\u00e1ginas de acuerdo con las leyes generales. Sin embargo, como proveedor de servicios, no estamos obligados a monitorear la informaci\u00f3n de terceros que se transmite o almacena, ni a buscar circunstancias que indiquen actividad ilegal.<\/p>\n<p>Las obligaciones de eliminar o bloquear el uso de la informaci\u00f3n de acuerdo con las leyes generales no se ver\u00e1n afectadas. Sin embargo, la responsabilidad a este respecto solo es posible desde el momento en que nos damos cuenta de una violaci\u00f3n legal espec\u00edfica. Tan pronto como nos demos cuenta de tales violaciones, eliminaremos este contenido de inmediato.<\/p>\n<h3 data-fontsize=\"23\" data-lineheight=\"29\" data-inline-fontsize=\"true\" data-inline-lineheight=\"true\">&nbsp;<\/h3>\n<h3 class=\"normalt\" data-fontsize=\"23\" data-lineheight=\"29\" data-inline-fontsize=\"true\" data-inline-lineheight=\"true\">Responsabilidad por enlaces<\/h3>\n<p>Nuestra oferta contiene enlaces a sitios web externos de terceros, en cuyo contenido no tenemos influencia. Por esta raz\u00f3n, no podemos aceptar ninguna responsabilidad por este contenido externo. El proveedor u operador respectivo de las p\u00e1ginas siempre es responsable del contenido de las p\u00e1ginas enlazadas. Las p\u00e1ginas vinculadas se verificaron en busca de posibles violaciones legales en el momento en que se cre\u00f3 el enlace. Ning\u00fan contenido ilegal era discernible en el momento en que se cre\u00f3 el enlace.<\/p>\n<p>Un control permanente del contenido de las p\u00e1ginas enlazadas no es razonable sin evidencia concreta de una infracci\u00f3n. Tan pronto como tengamos conocimiento de infracciones legales, eliminaremos dichos enlaces de inmediato.<\/p>\n<h3 data-fontsize=\"23\" data-lineheight=\"29\" data-inline-fontsize=\"true\" data-inline-lineheight=\"true\">&nbsp;<\/h3>\n<h3 class=\"normalt\" data-fontsize=\"23\" data-lineheight=\"29\" data-inline-fontsize=\"true\" data-inline-lineheight=\"true\">Derechos de autor<\/h3>\n<p>El contenido y los trabajos en estas p\u00e1ginas creados por el operador del sitio est\u00e1n sujetos a la ley de derechos de autor alemana. La duplicaci\u00f3n, edici\u00f3n, distribuci\u00f3n y cualquier tipo de uso fuera de los l\u00edmites de la ley de derechos de autor requieren el consentimiento por escrito del autor o creador respectivo. Las descargas y copias de esta p\u00e1gina solo est\u00e1n permitidas para uso privado y no comercial.<\/p>\n<p>Siempre que el contenido de esta p\u00e1gina no haya sido creado por el operador, se respetan los derechos de autor de terceros. En particular, el contenido de terceros est\u00e1 marcado como tal. Sin embargo, si se entera de una infracci\u00f3n de derechos de autor, inf\u00f3rmenos. Tan pronto como tengamos conocimiento de infracciones legales, eliminaremos dicho contenido de inmediato.<\/p>\t\t\t\t\t\t\t\t<\/div>\n\t\t\t\t<\/div>\n\t\t\t\t\t<\/div>\n\t\t<\/div>\n\t\t\t\t\t<\/div>\n\t\t<\/section>\n\t\t\t\t<\/div>\n\t\t","protected":false},"excerpt":{"rendered":"<p>Aviso legal Informaci\u00f3n legal Dressler &amp; Partner S.L. CIF: B56371032C\/ Can Gamundi 11, 1\/15, 07199 Palma, Espa\u00f1a Representado por: Wolfgang Dressler &nbsp; Contacto Tel\u00e9fono: (+34) 871 186 500 E-Mail: info(at)dresslerundpartner.com &nbsp; ID de IVA N\u00famero de identificaci\u00f3n del IVA:ESB 563 710 32 &nbsp; Responsable del contenido de acuerdo con RGPD Michael LudesDressler &amp; Partner S.L.C\/ &#8230; <a title=\"Aviso legal\" class=\"read-more\" href=\"https:\/\/bauenmallorca.com\/es\/aviso-legal\/\" aria-label=\"Leer m\u00e1s sobre Aviso legal\">Leer m\u00e1s<\/a><\/p>\n","protected":false},"author":1,"featured_media":0,"parent":0,"menu_order":0,"comment_status":"closed","ping_status":"closed","template":"","meta":{"inline_featured_image":false,"footnotes":""},"class_list":["post-517","page","type-page","status-publish"],"_links":{"self":[{"href":"https:\/\/bauenmallorca.com\/es\/wp-json\/wp\/v2\/pages\/517","targetHints":{"allow":["GET"]}}],"collection":[{"href":"https:\/\/bauenmallorca.com\/es\/wp-json\/wp\/v2\/pages"}],"about":[{"href":"https:\/\/bauenmallorca.com\/es\/wp-json\/wp\/v2\/types\/page"}],"author":[{"embeddable":true,"href":"https:\/\/bauenmallorca.com\/es\/wp-json\/wp\/v2\/users\/1"}],"replies":[{"embeddable":true,"href":"https:\/\/bauenmallorca.com\/es\/wp-json\/wp\/v2\/comments?post=517"}],"version-history":[{"count":0,"href":"https:\/\/bauenmallorca.com\/es\/wp-json\/wp\/v2\/pages\/517\/revisions"}],"wp:attachment":[{"href":"https:\/\/bauenmallorca.com\/es\/wp-json\/wp\/v2\/media?parent=517"}],"curies":[{"name":"wp","href":"https:\/\/api.w.org\/{rel}","templated":true}]}}